{"id":46,"date":"2019-12-13T23:37:09","date_gmt":"2019-12-13T23:37:09","guid":{"rendered":"https:\/\/agenciabijou.com\/?page_id=46"},"modified":"2020-11-04T12:54:22","modified_gmt":"2020-11-04T17:54:22","slug":"corporativo","status":"publish","type":"page","link":"https:\/\/agenciabijou.com\/?page_id=46","title":{"rendered":"CORPORATIVO"},"content":{"rendered":"\n\n  <div class=\"banner has-hover\" id=\"banner-28283982\">\n          <div class=\"banner-inner fill\">\n        <div class=\"banner-bg fill\" >\n            <div class=\"bg fill bg-fill \"><\/div>\n                        <div class=\"overlay\"><\/div>            \n                    <\/div>\n        <div class=\"banner-layers container\">\n            <div class=\"fill banner-link\"><\/div>            \n\n   <div id=\"text-box-2061515859\" class=\"text-box banner-layer x5 md-x5 lg-x5 y50 md-y50 lg-y50 res-text\">\n                                <div class=\"text box-shadow-3 dark\">\n              \n              <div class=\"text-inner text-center\">\n                  \n\n<h2 class=\"uppercase\"><strong>QUIENES<\/strong><\/h2>\n<h3>SOMOS<\/h3>\n<p>Bijou Studio es una empresa formada por un equipo profesional, con una estructura moderna y din\u00e1mica con la experiencia para desarrollar y gestionar, consultor\u00eda en sitios web y en general todo lo relacionado con videochat.<\/p>\n<a class=\"button white is-outline\"  >\n    <span>Vinculat\u00e9 Ahora<\/span>\n  <\/a>\n\n\n\n              <\/div>\n           <\/div>\n                            \n<style>\n#text-box-2061515859 .text {\n  background-color: rgba(0, 0, 0, 0.86);\n  font-size: 100%;\n}\n#text-box-2061515859 .text-inner {\n  padding: 30px 30px 30px 30px;\n}\n#text-box-2061515859 {\n  width: 60%;\n}\n@media (min-width:550px) {\n  #text-box-2061515859 {\n    width: 40%;\n  }\n}\n<\/style>\n    <\/div>\n \n\n        <\/div>\n      <\/div>\n\n            \n<style>\n#banner-28283982 {\n  padding-top: 500px;\n}\n#banner-28283982 .bg.bg-loaded {\n  background-image: url(https:\/\/agenciabijou.com\/wp-content\/uploads\/2019\/12\/boobs-nude-blonde-bed-naked-pose-1547563-wallhere.com_-1024x683.jpg);\n}\n#banner-28283982 .overlay {\n  background-color: rgba(0, 0, 0, 0.2);\n}\n<\/style>\n  <\/div>\n\n\n<div class=\"text-center\"><div class=\"is-divider divider clearfix\" ><\/div><\/div>\n\n\n  <div class=\"banner has-hover\" id=\"banner-288746101\">\n          <div class=\"banner-inner fill\">\n        <div class=\"banner-bg fill\" >\n            <div class=\"bg fill bg-fill \"><\/div>\n                        <div class=\"overlay\"><\/div>            \n                    <\/div>\n        <div class=\"banner-layers container\">\n            <div class=\"fill banner-link\"><\/div>            \n\n   <div id=\"text-box-1698383233\" class=\"text-box banner-layer x5 md-x5 lg-x5 y50 md-y50 lg-y50 res-text\">\n                                <div class=\"text box-shadow-3 dark\">\n              \n              <div class=\"text-inner text-center\">\n                  \n\n<h2 class=\"uppercase\"><strong>MISI\u00d3N<\/strong><\/h2>\n<p>Representar con los m\u00e1s altos est\u00e1ndares de desempe\u00f1o a nuestro personal, desarrollando y potenciando su independencia, autonom\u00eda y autogesti\u00f3n, contribuyendo con su progreso personal y econ\u00f3mico.<\/p>\n<a class=\"button white is-outline\"  >\n    <span>Vinculat\u00e9 Ahora<\/span>\n  <\/a>\n\n\n\n              <\/div>\n           <\/div>\n                            \n<style>\n#text-box-1698383233 .text {\n  background-color: rgba(0, 0, 0, 0.86);\n  font-size: 100%;\n}\n#text-box-1698383233 .text-inner {\n  padding: 30px 30px 30px 30px;\n}\n#text-box-1698383233 {\n  width: 60%;\n}\n@media (min-width:550px) {\n  #text-box-1698383233 {\n    width: 40%;\n  }\n}\n<\/style>\n    <\/div>\n \n   <div id=\"text-box-2051235214\" class=\"text-box banner-layer x95 md-x95 lg-x95 y50 md-y50 lg-y50 res-text\">\n                                <div class=\"text box-shadow-3 dark\">\n              \n              <div class=\"text-inner text-center\">\n                  \n\n<h2 class=\"uppercase\"><strong>VISI\u00d3N<\/strong><\/h2>\n<p>Alcanzar una suma significativa de personal con excelentes capacidades de desempe\u00f1o y personales fomentando en cada uno de ellos, su formaci\u00f3n profesional, la adquisici\u00f3n de vivienda propia y un bienestar en econom\u00eda y estilo de vida.<\/p>\n<a class=\"button white is-outline\"  >\n    <span>Vinculat\u00e9 Ahora<\/span>\n  <\/a>\n\n\n\n              <\/div>\n           <\/div>\n                            \n<style>\n#text-box-2051235214 .text {\n  background-color: rgba(0, 0, 0, 0.86);\n  font-size: 100%;\n}\n#text-box-2051235214 .text-inner {\n  padding: 30px 30px 30px 30px;\n}\n#text-box-2051235214 {\n  width: 60%;\n}\n@media (min-width:550px) {\n  #text-box-2051235214 {\n    width: 40%;\n  }\n}\n<\/style>\n    <\/div>\n \n\n        <\/div>\n      <\/div>\n\n            \n<style>\n#banner-288746101 {\n  padding-top: 500px;\n}\n#banner-288746101 .bg.bg-loaded {\n  background-image: url(https:\/\/agenciabijou.com\/wp-content\/uploads\/2020\/01\/sports-colorful-women-barefoot-blue-ballet-36557-wallhere.com_-1024x768.jpg);\n}\n#banner-288746101 .overlay {\n  background-color: rgba(0, 0, 0, 0.2);\n}\n<\/style>\n  <\/div>\n\n\n<div class=\"text-center\"><div class=\"is-divider divider clearfix\" ><\/div><\/div>\n\n\n  <div class=\"banner has-hover\" id=\"banner-1106061041\">\n          <div class=\"banner-inner fill\">\n        <div class=\"banner-bg fill\" >\n            <div class=\"bg fill bg-fill \"><\/div>\n                        <div class=\"overlay\"><\/div>            \n                    <\/div>\n        <div class=\"banner-layers container\">\n            <div class=\"fill banner-link\"><\/div>            \n\n   <div id=\"text-box-725868263\" class=\"text-box banner-layer x95 md-x95 lg-x95 y80 md-y80 lg-y80 res-text\">\n                                <div class=\"text box-shadow-3 dark\">\n              \n              <div class=\"text-inner text-center\">\n                  \n\n<h2 class=\"uppercase\"><strong>NUESTROS VALORES<\/strong><\/h2>\n<a class=\"button white is-outline\"  >\n    <span>\u2022\tRespeto<\/span>\n  <\/a>\n\n\n<a class=\"button white is-outline\"  >\n    <span>\u2022\tTrabajo<\/span>\n  <\/a>\n\n\n<a class=\"button white is-outline\"  >\n    <span>\u2022\tCrecimiento<\/span>\n  <\/a>\n\n\n<a class=\"button white is-outline\"  >\n    <span>\u2022\tEficiencia<\/span>\n  <\/a>\n\n\n\n              <\/div>\n           <\/div>\n                            \n<style>\n#text-box-725868263 .text {\n  background-color: rgba(0, 0, 0, 0.86);\n  font-size: 100%;\n}\n#text-box-725868263 .text-inner {\n  padding: 30px 30px 30px 30px;\n}\n#text-box-725868263 {\n  width: 60%;\n}\n@media (min-width:550px) {\n  #text-box-725868263 {\n    width: 40%;\n  }\n}\n<\/style>\n    <\/div>\n \n\n        <\/div>\n      <\/div>\n\n            \n<style>\n#banner-1106061041 {\n  padding-top: 500px;\n}\n#banner-1106061041 .bg.bg-loaded {\n  background-image: url(https:\/\/agenciabijou.com\/wp-content\/uploads\/2020\/01\/nuestros-valores-1024x683.jpg);\n}\n#banner-1106061041 .overlay {\n  background-color: rgba(0, 0, 0, 0.2);\n}\n<\/style>\n  <\/div>\n\n\n\t<section class=\"section\" id=\"section_1299981438\">\n\t\t<div class=\"bg section-bg fill bg-fill  bg-loaded\" >\n\n\t\t\t\n\t\t\t\n\t\t\t\n\n\t\t<\/div>\n\n\t\t<div class=\"section-content relative\">\n\t\t\t\n\n<div class=\"text-center\"><div class=\"is-divider divider clearfix\" ><\/div><\/div>\n\n  <div id=\"page-header-463929073\" class=\"page-header-wrapper\">\n  <div class=\"page-title dark featured-title\">\n\n    \n    <div class=\"page-title-inner container align-center text-center flex-row-col medium-flex-wrap\" >\n              <div class=\"title-wrapper is-large flex-col\">\n          <h1 class=\"entry-title mb-0\">\n            FAQ - Preguntas Frecuentes          <\/h1>\n        <\/div>\n                    <div class=\"title-content flex-col\">\n        <div class=\"title-breadcrumbs pb-half pt-half\"><\/div>      <\/div>\n    <\/div>\n\n       <\/div>\n    <\/div>\n  \n\n<div class=\"accordion\" rel=\"\">\n\n<div class=\"accordion-item\"><a href=\"#\" class=\"accordion-title plain\"><button class=\"toggle\"><i class=\"icon-angle-down\"><\/i><\/button><span>\u00bfQu\u00e9 documentaci\u00f3n necesito para unirme a ustedes?<\/span><\/a><div class=\"accordion-inner\">\n\n<p>Para comprobar tu edad ser\u00e1 necesario que presentes un documento de identidad nacional y\/o pasaporte vigente, nombre completo y fecha de nacimiento. Adicional se le solicitar\u00e1n algunas im\u00e1genes.<\/p>\n\n<\/div><\/div>\n<div class=\"accordion-item\"><a href=\"#\" class=\"accordion-title plain\"><button class=\"toggle\"><i class=\"icon-angle-down\"><\/i><\/button><span>\u00bfDebo verme como una modelo para trabajar en VideoChat?<\/span><\/a><div class=\"accordion-inner\">\n\n<p>No es indispensable, pero si es necesario tener una buena presentaci\u00f3n personal. En este trabajo lo que realmente importa es ser una persona amable, extrovertida y abierta a nuevas experiencias. Adem\u00e1s, contamos con un equipo que te entrenar\u00e1, que te guiar\u00e1n durante todo tu proceso de aprendizaje y posterior a este, siempre con el objetivo de mejorar y aumentar tus ingresos.<\/p>\n\n<\/div><\/div>\n<div class=\"accordion-item\"><a href=\"#\" class=\"accordion-title plain\"><button class=\"toggle\"><i class=\"icon-angle-down\"><\/i><\/button><span>\u00bfQu\u00e9 pasar\u00e1 con mis datos?<\/span><\/a><div class=\"accordion-inner\">\n\n<p>Toda la informaci\u00f3n y aquella documentaci\u00f3n que el Estudio solicite permanecer\u00e1 guardada bajo absoluta discreci\u00f3n, como empresa te garantizamos total privacidad.<\/p>\n\n<\/div><\/div>\n<div class=\"accordion-item\"><a href=\"#\" class=\"accordion-title plain\"><button class=\"toggle\"><i class=\"icon-angle-down\"><\/i><\/button><span>\u00bfSi trabajo en p\u00e1ginas de VideoChat mis conocidos podr\u00e1n verme?<\/span><\/a><div class=\"accordion-inner\">\n\n<p>Aunque las plataformas de transmisi\u00f3n ofrecen la posibilidad de bloquear los pa\u00edses de origen, se debe tener en cuenta que en este caso hablamos de la internet, por lo cual siempre, aunque sea m\u00ednimo existir\u00e1 un riesgo de ser descubierta.<\/p>\n\n<\/div><\/div>\n<div class=\"accordion-item\"><a href=\"#\" class=\"accordion-title plain\"><button class=\"toggle\"><i class=\"icon-angle-down\"><\/i><\/button><span>\u00bfPuedo trabajar como modelo, aunque no pueda hablar ingl\u00e9s?<\/span><\/a><div class=\"accordion-inner\">\n\n<p>No es necesario hablar ingl\u00e9s al momento de ingresar, disponemos de monitoras y programas que te ayudar\u00e1n con la traducci\u00f3n de cualquier idioma. De igual forma es importante tener en cuenta que hablar ingl\u00e9s aumentar\u00e1 significativamente tus ingresos.<\/p>\n\n<\/div><\/div>\n<div class=\"accordion-item\"><a href=\"#\" class=\"accordion-title plain\"><button class=\"toggle\"><i class=\"icon-angle-down\"><\/i><\/button><span>\u00bfC\u00f3mo es el proceso de pago?<\/span><\/a><div class=\"accordion-inner\">\n\n<p>Los pagos se realizan de manera quincenal, ser\u00e1n efectuados los cinco primeros d\u00edas del mes en el primer periodo y los d\u00edas veinte en el segundo periodo, de ser un d\u00eda festivo los pagos ser\u00e1n enviados al siguiente d\u00eda h\u00e1bil.<\/p>\n\n<\/div><\/div>\n<div class=\"accordion-item\"><a href=\"#\" class=\"accordion-title plain\"><button class=\"toggle\"><i class=\"icon-angle-down\"><\/i><\/button><span>\u00bfCu\u00e1l es el porcentaje de ganancia para m\u00ed como modelo webcam?<\/span><\/a><div class=\"accordion-inner\">\n\n<p>El porcentaje de ganancia para las modelos es de 60% con posibilidad de llegar al 70% dependiendo de sus ingresos totales durante los dos periodos trabajados.<\/p>\n\n<\/div><\/div>\n<div class=\"accordion-item\"><a href=\"#\" class=\"accordion-title plain\"><button class=\"toggle\"><i class=\"icon-angle-down\"><\/i><\/button><span>\u00bfPuedo cubrir mi rostro o usar antifaz?<\/span><\/a><div class=\"accordion-inner\">\n\n<p>Desafortunadamente, esto no es posible, ya que la mayor\u00eda de las plataformas no permiten el uso de antifaz o m\u00e1scaras, debido a que ellos deben estar seguros, que la persona que est\u00e1 transmitiendo es la registrada en la cuenta.<\/p>\n\n<\/div><\/div>\n<div class=\"accordion-item\"><a href=\"#\" class=\"accordion-title plain\"><button class=\"toggle\"><i class=\"icon-angle-down\"><\/i><\/button><span>\u00bfCu\u00e1ntas horas de trabajo se requiere para obtener buenos ingresos?<\/span><\/a><div class=\"accordion-inner\">\n\n<p>Es importante tener en cuenta que este trabajo requiere la misma importancia que se les da a los dem\u00e1s trabajos para que se obtengan buenos ingresos, a m\u00e1s cantidad de tiempo dedicado a la transmisi\u00f3n, mayor ser\u00e1n los ingresos. Recomendamos un m\u00ednimo de seis horas por lo menos 5 a 6 d\u00edas por semana.<\/p>\n<p>\u00a0<\/p>\n<p>Tenemos 3 jornadas de trabajo.<\/p>\n<p>Ma\u00f1ana de 7:00am a 1:00pm<\/p>\n<p>Tarde 2:00pm a 8:00pm<\/p>\n<p>Noche de 8:00pm a 2:00am.<\/p>\n<p>\u00a0<\/p>\n<p>Los horarios est\u00e1n sujetos a cambios si el Studio y la modelo consideran mejorar considerablemente sus ingresos.<\/p>\n\n<\/div><\/div>\n<div class=\"accordion-item\"><a href=\"#\" class=\"accordion-title plain\"><button class=\"toggle\"><i class=\"icon-angle-down\"><\/i><\/button><span>\u00bfUstedes brindan capacitaci\u00f3n y asesoramiento?<\/span><\/a><div class=\"accordion-inner\">\n\n<p>Contamos con un personal altamente calificado que tiene la experiencia para poder guiarle, asesorarle y brindar acompa\u00f1amiento en todo el camino durante la transmisi\u00f3n en vivo.<\/p>\n\n<\/div><\/div>\n<div class=\"accordion-item\"><a href=\"#\" class=\"accordion-title plain\"><button class=\"toggle\"><i class=\"icon-angle-down\"><\/i><\/button><span>\u00bfComo garantiza que es un estudio de modelos webcam serio?<\/span><\/a><div class=\"accordion-inner\">\n\n<p>\u00a1Vis\u00edtanos! Habla con nuestro equipo de trabajo, habla con las modelos que trabajan con nosotros y encontrar\u00e1s r\u00e1pidamente que el mejor lugar para trabajar como modelo webcam es con Bijou Studio.<\/p>\n\n<\/div><\/div>\n\n<\/div>\n\n\t\t<\/div>\n\n\t\t\n<style>\n#section_1299981438 {\n  padding-top: 30px;\n  padding-bottom: 30px;\n}\n<\/style>\n\t<\/section>\n\t\n\n","protected":false},"excerpt":{"rendered":"","protected":false},"author":1,"featured_media":0,"parent":0,"menu_order":0,"comment_status":"closed","ping_status":"closed","template":"","meta":{"_monsterinsights_skip_tracking":false,"_monsterinsights_sitenote_active":false,"_monsterinsights_sitenote_note":"","_monsterinsights_sitenote_category":0,"footnotes":""},"class_list":["post-46","page","type-page","status-publish","hentry"],"_links":{"self":[{"href":"https:\/\/agenciabijou.com\/index.php?rest_route=\/wp\/v2\/pages\/46","targetHints":{"allow":["GET"]}}],"collection":[{"href":"https:\/\/agenciabijou.com\/index.php?rest_route=\/wp\/v2\/pages"}],"about":[{"href":"https:\/\/agenciabijou.com\/index.php?rest_route=\/wp\/v2\/types\/page"}],"author":[{"embeddable":true,"href":"https:\/\/agenciabijou.com\/index.php?rest_route=\/wp\/v2\/users\/1"}],"replies":[{"embeddable":true,"href":"https:\/\/agenciabijou.com\/index.php?rest_route=%2Fwp%2Fv2%2Fcomments&post=46"}],"version-history":[{"count":5,"href":"https:\/\/agenciabijou.com\/index.php?rest_route=\/wp\/v2\/pages\/46\/revisions"}],"predecessor-version":[{"id":243,"href":"https:\/\/agenciabijou.com\/index.php?rest_route=\/wp\/v2\/pages\/46\/revisions\/243"}],"wp:attachment":[{"href":"https:\/\/agenciabijou.com\/index.php?rest_route=%2Fwp%2Fv2%2Fmedia&parent=46"}],"curies":[{"name":"wp","href":"https:\/\/api.w.org\/{rel}","templated":true}]}}